{"id":9,"date":"2026-03-16T09:39:45","date_gmt":"2026-03-16T09:39:45","guid":{"rendered":"https:\/\/dipemur.rkinformatika.online\/?page_id=9"},"modified":"2026-03-16T13:16:52","modified_gmt":"2026-03-16T13:16:52","slug":"inicio","status":"publish","type":"page","link":"https:\/\/dipemur.es\/en\/","title":{"rendered":"Home"},"content":{"rendered":"<div data-elementor-type=\"wp-page\" data-elementor-id=\"9\" class=\"elementor elementor-9\" data-elementor-post-type=\"page\">\n\t\t\t\t<div class=\"elementor-element elementor-element-4d7e2a2 e-flex e-con-boxed e-con e-parent\" data-id=\"4d7e2a2\" data-element_type=\"container\" data-e-type=\"container\" data-settings=\"{&quot;background_background&quot;:&quot;classic&quot;}\">\n\t\t\t\t\t<div class=\"e-con-inner\">\n\t\t\t\t<div class=\"elementor-element elementor-element-ac968a3 elementor-widget elementor-widget-heading\" data-id=\"ac968a3\" data-element_type=\"widget\" data-e-type=\"widget\" data-widget_type=\"heading.default\">\n\t\t\t\t\t<h2 class=\"elementor-heading-title elementor-size-default\">DIPEMUR<\/h2>\t\t\t\t<\/div>\n\t\t\t\t<div class=\"elementor-element elementor-element-b94a6d7 elementor-widget elementor-widget-text-editor\" data-id=\"b94a6d7\" data-element_type=\"widget\" data-e-type=\"widget\" data-widget_type=\"text-editor.default\">\n\t\t\t\t\t\t\t\t\t<p>Solid solutions and quality results backed by three decades of experience<\/p>\t\t\t\t\t\t\t\t<\/div>\n\t\t\t\t\t<\/div>\n\t\t\t\t<\/div>\n\t\t<div class=\"elementor-element elementor-element-c587d25 e-flex e-con-boxed e-con e-parent\" data-id=\"c587d25\" data-element_type=\"container\" data-e-type=\"container\">\n\t\t\t\t\t<div class=\"e-con-inner\">\n\t\t<div class=\"elementor-element elementor-element-bfa6cc4 e-con-full e-flex e-con e-child\" data-id=\"bfa6cc4\" data-element_type=\"container\" data-e-type=\"container\">\n\t\t\t\t<div class=\"elementor-element elementor-element-c1a3508 elementor-widget elementor-widget-image\" data-id=\"c1a3508\" data-element_type=\"widget\" data-e-type=\"widget\" data-widget_type=\"image.default\">\n\t\t\t\t\t\t\t\t\t\t\t\t\t\t\t<img fetchpriority=\"high\" decoding=\"async\" width=\"800\" height=\"767\" src=\"https:\/\/dipemur.es\/wp-content\/uploads\/2026\/03\/17726432-fd8b-49d6-ab92-9b8447f69808-2026-03-16-1024x982.jpeg\" class=\"attachment-large size-large wp-image-543\" alt=\"\" srcset=\"https:\/\/dipemur.es\/wp-content\/uploads\/2026\/03\/17726432-fd8b-49d6-ab92-9b8447f69808-2026-03-16-1024x982.jpeg 1024w, https:\/\/dipemur.es\/wp-content\/uploads\/2026\/03\/17726432-fd8b-49d6-ab92-9b8447f69808-2026-03-16-300x288.jpeg 300w, https:\/\/dipemur.es\/wp-content\/uploads\/2026\/03\/17726432-fd8b-49d6-ab92-9b8447f69808-2026-03-16-768x737.jpeg 768w, https:\/\/dipemur.es\/wp-content\/uploads\/2026\/03\/17726432-fd8b-49d6-ab92-9b8447f69808-2026-03-16-1536x1473.jpeg 1536w, https:\/\/dipemur.es\/wp-content\/uploads\/2026\/03\/17726432-fd8b-49d6-ab92-9b8447f69808-2026-03-16-2048x1964.jpeg 2048w, https:\/\/dipemur.es\/wp-content\/uploads\/2026\/03\/17726432-fd8b-49d6-ab92-9b8447f69808-2026-03-16-13x12.jpeg 13w\" sizes=\"(max-width: 800px) 100vw, 800px\" \/>\t\t\t\t\t\t\t\t\t\t\t\t\t\t\t<\/div>\n\t\t\t\t<\/div>\n\t\t<div class=\"elementor-element elementor-element-2d19c59 e-con-full e-flex e-con e-child\" data-id=\"2d19c59\" data-element_type=\"container\" data-e-type=\"container\">\n\t\t\t\t<div class=\"elementor-element elementor-element-03d6702 elementor-widget elementor-widget-heading\" data-id=\"03d6702\" data-element_type=\"widget\" data-e-type=\"widget\" data-widget_type=\"heading.default\">\n\t\t\t\t\t<h2 class=\"elementor-heading-title elementor-size-default\">DIPEMUR: Three decades building trust.<\/h2>\t\t\t\t<\/div>\n\t\t\t\t<div class=\"elementor-element elementor-element-c9fa176 elementor-widget elementor-widget-text-editor\" data-id=\"c9fa176\" data-element_type=\"widget\" data-e-type=\"widget\" data-widget_type=\"text-editor.default\">\n\t\t\t\t\t\t\t\t\t<p>We are a family business with over 30 years of experience in the construction and renovation sector. Our track record is based on commitment, honesty, and direct customer service. We don't just carry out construction work; we improve your quality of life by taking care of every detail as if it were for our own family.<\/p>\t\t\t\t\t\t\t\t<\/div>\n\t\t\t\t<\/div>\n\t\t\t\t\t<\/div>\n\t\t\t\t<\/div>\n\t\t<div class=\"elementor-element elementor-element-c5638ac e-flex e-con-boxed e-con e-parent\" data-id=\"c5638ac\" data-element_type=\"container\" data-e-type=\"container\">\n\t\t\t\t\t<div class=\"e-con-inner\">\n\t\t\t\t<div class=\"elementor-element elementor-element-24c344b elementor-cta--skin-classic elementor-animated-content elementor-bg-transform elementor-bg-transform-zoom-in elementor-widget elementor-widget-call-to-action\" data-id=\"24c344b\" data-element_type=\"widget\" data-e-type=\"widget\" data-widget_type=\"call-to-action.default\">\n\t\t\t\t\t\t\t<div class=\"elementor-cta\">\n\t\t\t\t\t<div class=\"elementor-cta__bg-wrapper\">\n\t\t\t\t<div class=\"elementor-cta__bg elementor-bg\" style=\"background-image: url(https:\/\/dipemur.es\/wp-content\/uploads\/2026\/03\/imgi_123_adc55f32-4211-4f9b-b662-e8f487ffda3d.jpg);\" role=\"img\" aria-label=\"imgi_123_adc55f32-4211-4f9b-b662-e8f487ffda3d\"><\/div>\n\t\t\t\t<div class=\"elementor-cta__bg-overlay\"><\/div>\n\t\t\t<\/div>\n\t\t\t\t\t\t\t<div class=\"elementor-cta__content\">\n\t\t\t\t\n\t\t\t\t\t\t\t\t\t<h2 class=\"elementor-cta__title elementor-cta__content-item elementor-content-item\">\n\t\t\t\t\t\tClear Budget and Deadlines for Your Project\t\t\t\t\t<\/h2>\n\t\t\t\t\n\t\t\t\t\t\t\t\t\t<div class=\"elementor-cta__description elementor-cta__content-item elementor-content-item\">\n\t\t\t\t\t\tDo you have a project in mind? Request a free, no-obligation technical assessment. We'll provide you with a detailed quote.\t\t\t\t\t<\/div>\n\t\t\t\t\n\t\t\t\t\t\t\t\t\t<div class=\"elementor-cta__button-wrapper elementor-cta__content-item elementor-content-item\">\n\t\t\t\t\t<a class=\"elementor-cta__button elementor-button elementor-size-\" href=\"https:\/\/dipemur.es\/en\/contacto\/\">\n\t\t\t\t\t\tREQUEST A QUOTE NOW\t\t\t\t\t<\/a>\n\t\t\t\t\t<\/div>\n\t\t\t\t\t\t\t<\/div>\n\t\t\t\t\t\t<\/div>\n\t\t\t\t\t\t<\/div>\n\t\t\t\t\t<\/div>\n\t\t\t\t<\/div>\n\t\t\t\t<\/div>","protected":false},"excerpt":{"rendered":"<p>DIPEMUR Soluciones s\u00f3lidas y resultados de calidad avalados por tres d\u00e9cadas de trayectoria DIPEMUR: Tres d\u00e9cadas construyendo confianza. Somos una empresa familiar con m\u00e1s de 30 a\u00f1os de experiencia en el sector de la construcci\u00f3n y las reformas. Nuestra trayectoria se basa en el compromiso, la honestidad y un trato directo con el cliente. No [&hellip;]<\/p>\n","protected":false},"author":1,"featured_media":0,"parent":0,"menu_order":0,"comment_status":"closed","ping_status":"closed","template":"elementor_canvas","meta":{"footnotes":""},"class_list":["post-9","page","type-page","status-publish","hentry"],"yoast_head":"<!-- This site is optimized with the Yoast SEO plugin v27.4 - https:\/\/yoast.com\/product\/yoast-seo-wordpress\/ -->\n<title>Inicio - Dipemur<\/title>\n<meta name=\"robots\" content=\"index, follow, max-snippet:-1, max-image-preview:large, max-video-preview:-1\" \/>\n<link rel=\"canonical\" href=\"https:\/\/dipemur.es\/en\/\" \/>\n<meta property=\"og:locale\" content=\"en_GB\" \/>\n<meta property=\"og:type\" content=\"article\" \/>\n<meta property=\"og:title\" content=\"Inicio - Dipemur\" \/>\n<meta property=\"og:description\" content=\"DIPEMUR Soluciones s\u00f3lidas y resultados de calidad avalados por tres d\u00e9cadas de trayectoria DIPEMUR: Tres d\u00e9cadas construyendo confianza. Somos una empresa familiar con m\u00e1s de 30 a\u00f1os de experiencia en el sector de la construcci\u00f3n y las reformas. Nuestra trayectoria se basa en el compromiso, la honestidad y un trato directo con el cliente. No [&hellip;]\" \/>\n<meta property=\"og:url\" content=\"https:\/\/dipemur.es\/en\/\" \/>\n<meta property=\"og:site_name\" content=\"Dipemur\" \/>\n<meta property=\"article:modified_time\" content=\"2026-03-16T13:16:52+00:00\" \/>\n<meta property=\"og:image\" content=\"https:\/\/dipemur.es\/wp-content\/uploads\/2026\/03\/17726432-fd8b-49d6-ab92-9b8447f69808-2026-03-16-1024x982.jpeg\" \/>\n<meta name=\"twitter:card\" content=\"summary_large_image\" \/>\n<meta name=\"twitter:label1\" content=\"Estimated reading time\" \/>\n\t<meta name=\"twitter:data1\" content=\"1 minute\" \/>\n<script type=\"application\/ld+json\" class=\"yoast-schema-graph\">{\"@context\":\"https:\\\/\\\/schema.org\",\"@graph\":[{\"@type\":\"WebPage\",\"@id\":\"https:\\\/\\\/dipemur.es\\\/\",\"url\":\"https:\\\/\\\/dipemur.es\\\/\",\"name\":\"Inicio - Dipemur\",\"isPartOf\":{\"@id\":\"https:\\\/\\\/dipemur.es\\\/#website\"},\"primaryImageOfPage\":{\"@id\":\"https:\\\/\\\/dipemur.es\\\/#primaryimage\"},\"image\":{\"@id\":\"https:\\\/\\\/dipemur.es\\\/#primaryimage\"},\"thumbnailUrl\":\"https:\\\/\\\/dipemur.es\\\/wp-content\\\/uploads\\\/2026\\\/03\\\/17726432-fd8b-49d6-ab92-9b8447f69808-2026-03-16-1024x982.jpeg\",\"datePublished\":\"2026-03-16T09:39:45+00:00\",\"dateModified\":\"2026-03-16T13:16:52+00:00\",\"breadcrumb\":{\"@id\":\"https:\\\/\\\/dipemur.es\\\/#breadcrumb\"},\"inLanguage\":\"en-GB\",\"potentialAction\":[{\"@type\":\"ReadAction\",\"target\":[\"https:\\\/\\\/dipemur.es\\\/\"]}]},{\"@type\":\"ImageObject\",\"inLanguage\":\"en-GB\",\"@id\":\"https:\\\/\\\/dipemur.es\\\/#primaryimage\",\"url\":\"https:\\\/\\\/dipemur.es\\\/wp-content\\\/uploads\\\/2026\\\/03\\\/17726432-fd8b-49d6-ab92-9b8447f69808-2026-03-16-1024x982.jpeg\",\"contentUrl\":\"https:\\\/\\\/dipemur.es\\\/wp-content\\\/uploads\\\/2026\\\/03\\\/17726432-fd8b-49d6-ab92-9b8447f69808-2026-03-16-1024x982.jpeg\"},{\"@type\":\"BreadcrumbList\",\"@id\":\"https:\\\/\\\/dipemur.es\\\/#breadcrumb\",\"itemListElement\":[{\"@type\":\"ListItem\",\"position\":1,\"name\":\"Portada\",\"item\":\"https:\\\/\\\/dipemur.es\\\/\"},{\"@type\":\"ListItem\",\"position\":2,\"name\":\"Inicio\"}]},{\"@type\":\"WebSite\",\"@id\":\"https:\\\/\\\/dipemur.es\\\/#website\",\"url\":\"https:\\\/\\\/dipemur.es\\\/\",\"name\":\"Dipemur\",\"description\":\"Somos una empresa de reformas integrales que ofrece soluciones completas para todo tipo de espacios. Nuestro objetivo es ofrecer un servicio profesional, cercano y de confianza, cumpliendo plazos, presupuestos y garantizando acabados de calidad.\",\"publisher\":{\"@id\":\"https:\\\/\\\/dipemur.es\\\/#organization\"},\"potentialAction\":[{\"@type\":\"SearchAction\",\"target\":{\"@type\":\"EntryPoint\",\"urlTemplate\":\"https:\\\/\\\/dipemur.es\\\/?s={search_term_string}\"},\"query-input\":{\"@type\":\"PropertyValueSpecification\",\"valueRequired\":true,\"valueName\":\"search_term_string\"}}],\"inLanguage\":\"en-GB\"},{\"@type\":\"Organization\",\"@id\":\"https:\\\/\\\/dipemur.es\\\/#organization\",\"name\":\"Dipemur\",\"url\":\"https:\\\/\\\/dipemur.es\\\/\",\"logo\":{\"@type\":\"ImageObject\",\"inLanguage\":\"en-GB\",\"@id\":\"https:\\\/\\\/dipemur.es\\\/#\\\/schema\\\/logo\\\/image\\\/\",\"url\":\"https:\\\/\\\/dipemur.es\\\/wp-content\\\/uploads\\\/2026\\\/03\\\/cropped-diegopedrohernandez202601_logo_web-scaled-1.png\",\"contentUrl\":\"https:\\\/\\\/dipemur.es\\\/wp-content\\\/uploads\\\/2026\\\/03\\\/cropped-diegopedrohernandez202601_logo_web-scaled-1.png\",\"width\":2558,\"height\":704,\"caption\":\"Dipemur\"},\"image\":{\"@id\":\"https:\\\/\\\/dipemur.es\\\/#\\\/schema\\\/logo\\\/image\\\/\"}}]}<\/script>\n<!-- \/ Yoast SEO plugin. -->","yoast_head_json":{"title":"Inicio - Dipemur","robots":{"index":"index","follow":"follow","max-snippet":"max-snippet:-1","max-image-preview":"max-image-preview:large","max-video-preview":"max-video-preview:-1"},"canonical":"https:\/\/dipemur.es\/en\/","og_locale":"en_GB","og_type":"article","og_title":"Inicio - Dipemur","og_description":"DIPEMUR Soluciones s\u00f3lidas y resultados de calidad avalados por tres d\u00e9cadas de trayectoria DIPEMUR: Tres d\u00e9cadas construyendo confianza. Somos una empresa familiar con m\u00e1s de 30 a\u00f1os de experiencia en el sector de la construcci\u00f3n y las reformas. Nuestra trayectoria se basa en el compromiso, la honestidad y un trato directo con el cliente. No [&hellip;]","og_url":"https:\/\/dipemur.es\/en\/","og_site_name":"Dipemur","article_modified_time":"2026-03-16T13:16:52+00:00","og_image":[{"url":"https:\/\/dipemur.es\/wp-content\/uploads\/2026\/03\/17726432-fd8b-49d6-ab92-9b8447f69808-2026-03-16-1024x982.jpeg","type":"","width":"","height":""}],"twitter_card":"summary_large_image","twitter_misc":{"Estimated reading time":"1 minute"},"schema":{"@context":"https:\/\/schema.org","@graph":[{"@type":"WebPage","@id":"https:\/\/dipemur.es\/","url":"https:\/\/dipemur.es\/","name":"Inicio - Dipemur","isPartOf":{"@id":"https:\/\/dipemur.es\/#website"},"primaryImageOfPage":{"@id":"https:\/\/dipemur.es\/#primaryimage"},"image":{"@id":"https:\/\/dipemur.es\/#primaryimage"},"thumbnailUrl":"https:\/\/dipemur.es\/wp-content\/uploads\/2026\/03\/17726432-fd8b-49d6-ab92-9b8447f69808-2026-03-16-1024x982.jpeg","datePublished":"2026-03-16T09:39:45+00:00","dateModified":"2026-03-16T13:16:52+00:00","breadcrumb":{"@id":"https:\/\/dipemur.es\/#breadcrumb"},"inLanguage":"en-GB","potentialAction":[{"@type":"ReadAction","target":["https:\/\/dipemur.es\/"]}]},{"@type":"ImageObject","inLanguage":"en-GB","@id":"https:\/\/dipemur.es\/#primaryimage","url":"https:\/\/dipemur.es\/wp-content\/uploads\/2026\/03\/17726432-fd8b-49d6-ab92-9b8447f69808-2026-03-16-1024x982.jpeg","contentUrl":"https:\/\/dipemur.es\/wp-content\/uploads\/2026\/03\/17726432-fd8b-49d6-ab92-9b8447f69808-2026-03-16-1024x982.jpeg"},{"@type":"BreadcrumbList","@id":"https:\/\/dipemur.es\/#breadcrumb","itemListElement":[{"@type":"ListItem","position":1,"name":"Portada","item":"https:\/\/dipemur.es\/"},{"@type":"ListItem","position":2,"name":"Inicio"}]},{"@type":"WebSite","@id":"https:\/\/dipemur.es\/#website","url":"https:\/\/dipemur.es\/","name":"Dipemur","description":"Somos una empresa de reformas integrales que ofrece soluciones completas para todo tipo de espacios. Nuestro objetivo es ofrecer un servicio profesional, cercano y de confianza, cumpliendo plazos, presupuestos y garantizando acabados de calidad.","publisher":{"@id":"https:\/\/dipemur.es\/#organization"},"potentialAction":[{"@type":"SearchAction","target":{"@type":"EntryPoint","urlTemplate":"https:\/\/dipemur.es\/?s={search_term_string}"},"query-input":{"@type":"PropertyValueSpecification","valueRequired":true,"valueName":"search_term_string"}}],"inLanguage":"en-GB"},{"@type":"Organization","@id":"https:\/\/dipemur.es\/#organization","name":"Dipemur","url":"https:\/\/dipemur.es\/","logo":{"@type":"ImageObject","inLanguage":"en-GB","@id":"https:\/\/dipemur.es\/#\/schema\/logo\/image\/","url":"https:\/\/dipemur.es\/wp-content\/uploads\/2026\/03\/cropped-diegopedrohernandez202601_logo_web-scaled-1.png","contentUrl":"https:\/\/dipemur.es\/wp-content\/uploads\/2026\/03\/cropped-diegopedrohernandez202601_logo_web-scaled-1.png","width":2558,"height":704,"caption":"Dipemur"},"image":{"@id":"https:\/\/dipemur.es\/#\/schema\/logo\/image\/"}}]}},"_links":{"self":[{"href":"https:\/\/dipemur.es\/en\/wp-json\/wp\/v2\/pages\/9","targetHints":{"allow":["GET"]}}],"collection":[{"href":"https:\/\/dipemur.es\/en\/wp-json\/wp\/v2\/pages"}],"about":[{"href":"https:\/\/dipemur.es\/en\/wp-json\/wp\/v2\/types\/page"}],"author":[{"embeddable":true,"href":"https:\/\/dipemur.es\/en\/wp-json\/wp\/v2\/users\/1"}],"replies":[{"embeddable":true,"href":"https:\/\/dipemur.es\/en\/wp-json\/wp\/v2\/comments?post=9"}],"version-history":[{"count":91,"href":"https:\/\/dipemur.es\/en\/wp-json\/wp\/v2\/pages\/9\/revisions"}],"predecessor-version":[{"id":584,"href":"https:\/\/dipemur.es\/en\/wp-json\/wp\/v2\/pages\/9\/revisions\/584"}],"wp:attachment":[{"href":"https:\/\/dipemur.es\/en\/wp-json\/wp\/v2\/media?parent=9"}],"curies":[{"name":"wp","href":"https:\/\/api.w.org\/{rel}","templated":true}]}}