{"id":22,"date":"2026-03-16T09:42:33","date_gmt":"2026-03-16T09:42:33","guid":{"rendered":"https:\/\/dipemur.rkinformatika.online\/?page_id=22"},"modified":"2026-03-16T13:20:01","modified_gmt":"2026-03-16T13:20:01","slug":"sobre-nosotros","status":"publish","type":"page","link":"https:\/\/dipemur.es\/en\/sobre-nosotros\/","title":{"rendered":"About Us"},"content":{"rendered":"<div data-elementor-type=\"wp-page\" data-elementor-id=\"22\" class=\"elementor elementor-22\" data-elementor-post-type=\"page\">\n\t\t\t\t<div class=\"elementor-element elementor-element-e1393da e-flex e-con-boxed e-con e-parent\" data-id=\"e1393da\" data-element_type=\"container\" data-e-type=\"container\">\n\t\t\t\t\t<div class=\"e-con-inner\">\n\t\t<div class=\"elementor-element elementor-element-03a9dfb e-con-full e-flex e-con e-child\" data-id=\"03a9dfb\" data-element_type=\"container\" data-e-type=\"container\">\n\t\t<div class=\"elementor-element elementor-element-07e7629 e-con-full e-flex e-con e-child\" data-id=\"07e7629\" data-element_type=\"container\" data-e-type=\"container\">\n\t\t\t\t<div class=\"elementor-element elementor-element-0763c41 elementor-widget elementor-widget-image\" data-id=\"0763c41\" data-element_type=\"widget\" data-e-type=\"widget\" data-widget_type=\"image.default\">\n\t\t\t\t\t\t\t\t\t\t\t\t\t\t\t<img fetchpriority=\"high\" decoding=\"async\" width=\"800\" height=\"588\" src=\"https:\/\/dipemur.es\/wp-content\/uploads\/2026\/03\/Captura-desde-2026-03-16-12-04-15-1024x752.png\" class=\"attachment-large size-large wp-image-159\" alt=\"\" srcset=\"https:\/\/dipemur.es\/wp-content\/uploads\/2026\/03\/Captura-desde-2026-03-16-12-04-15-1024x752.png 1024w, https:\/\/dipemur.es\/wp-content\/uploads\/2026\/03\/Captura-desde-2026-03-16-12-04-15-300x220.png 300w, https:\/\/dipemur.es\/wp-content\/uploads\/2026\/03\/Captura-desde-2026-03-16-12-04-15-768x564.png 768w, https:\/\/dipemur.es\/wp-content\/uploads\/2026\/03\/Captura-desde-2026-03-16-12-04-15-16x12.png 16w, https:\/\/dipemur.es\/wp-content\/uploads\/2026\/03\/Captura-desde-2026-03-16-12-04-15.png 1059w\" sizes=\"(max-width: 800px) 100vw, 800px\" \/>\t\t\t\t\t\t\t\t\t\t\t\t\t\t\t<\/div>\n\t\t\t\t<\/div>\n\t\t<div class=\"elementor-element elementor-element-f1aea43 e-con-full e-flex e-con e-child\" data-id=\"f1aea43\" data-element_type=\"container\" data-e-type=\"container\">\n\t\t\t\t<div class=\"elementor-element elementor-element-1b67c95 elementor-widget elementor-widget-heading\" data-id=\"1b67c95\" data-element_type=\"widget\" data-e-type=\"widget\" data-widget_type=\"heading.default\">\n\t\t\t\t\t<h2 class=\"elementor-heading-title elementor-size-default\">Nuestra Historia<\/h2>\t\t\t\t<\/div>\n\t\t\t\t<div class=\"elementor-element elementor-element-dd15970 elementor-widget elementor-widget-text-editor\" data-id=\"dd15970\" data-element_type=\"widget\" data-e-type=\"widget\" data-widget_type=\"text-editor.default\">\n\t\t\t\t\t\t\t\t\t<p>Nuestra empresa es una empresa familiar con m\u00e1s de 30 a\u00f1os de experiencia en el sector de la construcci\u00f3n y las reformas. Nacimos con la idea de ofrecer un servicio serio, cercano y de calidad, basado en el trabajo bien hecho y en la confianza con cada cliente.<\/p><p>Desde nuestros inicios, hemos participado en todo tipo de proyectos, lo que nos ha permitido adquirir un conocimiento profundo del sector y adaptarnos a las nuevas t\u00e9cnicas, materiales y tendencias. A lo largo de estos a\u00f1os, hemos crecido gracias al esfuerzo, la constancia y la satisfacci\u00f3n de nuestros clientes, que son nuestra mejor carta de presentaci\u00f3n.<\/p><p>Como empresa familiar, cuidamos cada proyecto como si fuera propio, prestando atenci\u00f3n a cada<br \/>detalle y ofreciendo un trato directo y honesto. Creemos firmemente que una reforma no es solo una obra, sino una mejora en la calidad de vida de quienes conf\u00edan en nosotros.<\/p><p>Nuestros valores son la profesionalidad, la responsabilidad, la transparencia, el cumplimiento de plazos, y la calidad en los acabados. Trabajamos con seriedad, compromiso y pasi\u00f3n por nuestro oficio,<br \/>buscando siempre la excelencia en cada trabajo que realizamos.<\/p><p>Nuestro objetivo es seguir creciendo, evolucionando y ofreciendo soluciones integrales de reformas, manteniendo siempre la esencia que nos ha definido durante m\u00e1s de tres d\u00e9cadas: confianza, calidad y cercan\u00eda.<\/p>\t\t\t\t\t\t\t\t<\/div>\n\t\t\t\t<\/div>\n\t\t\t\t<\/div>\n\t\t\t\t\t<\/div>\n\t\t\t\t<\/div>\n\t\t\t\t<\/div>","protected":false},"excerpt":{"rendered":"<p>Nuestra Historia Nuestra empresa es una empresa familiar con m\u00e1s de 30 a\u00f1os de experiencia en el sector de la construcci\u00f3n y las reformas. Nacimos con la idea de ofrecer un servicio serio, cercano y de calidad, basado en el trabajo bien hecho y en la confianza con cada cliente. Desde nuestros inicios, hemos participado [&hellip;]<\/p>\n","protected":false},"author":1,"featured_media":0,"parent":0,"menu_order":0,"comment_status":"closed","ping_status":"closed","template":"elementor_canvas","meta":{"footnotes":""},"class_list":["post-22","page","type-page","status-publish","hentry"],"yoast_head":"<!-- This site is optimized with the Yoast SEO plugin v27.4 - https:\/\/yoast.com\/product\/yoast-seo-wordpress\/ -->\n<title>Sobre Nosotros - Dipemur<\/title>\n<meta name=\"robots\" content=\"index, follow, max-snippet:-1, max-image-preview:large, max-video-preview:-1\" \/>\n<link rel=\"canonical\" href=\"https:\/\/dipemur.es\/en\/sobre-nosotros\/\" \/>\n<meta property=\"og:locale\" content=\"en_GB\" \/>\n<meta property=\"og:type\" content=\"article\" \/>\n<meta property=\"og:title\" content=\"Sobre Nosotros - Dipemur\" \/>\n<meta property=\"og:description\" content=\"Nuestra Historia Nuestra empresa es una empresa familiar con m\u00e1s de 30 a\u00f1os de experiencia en el sector de la construcci\u00f3n y las reformas. Nacimos con la idea de ofrecer un servicio serio, cercano y de calidad, basado en el trabajo bien hecho y en la confianza con cada cliente. Desde nuestros inicios, hemos participado [&hellip;]\" \/>\n<meta property=\"og:url\" content=\"https:\/\/dipemur.es\/en\/sobre-nosotros\/\" \/>\n<meta property=\"og:site_name\" content=\"Dipemur\" \/>\n<meta property=\"article:modified_time\" content=\"2026-03-16T13:20:01+00:00\" \/>\n<meta property=\"og:image\" content=\"https:\/\/dipemur.es\/wp-content\/uploads\/2026\/03\/Captura-desde-2026-03-16-12-04-15-1024x752.png\" \/>\n<meta name=\"twitter:card\" content=\"summary_large_image\" \/>\n<meta name=\"twitter:label1\" content=\"Estimated reading time\" \/>\n\t<meta name=\"twitter:data1\" content=\"1 minute\" \/>\n<script type=\"application\/ld+json\" class=\"yoast-schema-graph\">{\"@context\":\"https:\\\/\\\/schema.org\",\"@graph\":[{\"@type\":\"WebPage\",\"@id\":\"https:\\\/\\\/dipemur.es\\\/sobre-nosotros\\\/\",\"url\":\"https:\\\/\\\/dipemur.es\\\/sobre-nosotros\\\/\",\"name\":\"Sobre Nosotros - Dipemur\",\"isPartOf\":{\"@id\":\"https:\\\/\\\/dipemur.es\\\/#website\"},\"primaryImageOfPage\":{\"@id\":\"https:\\\/\\\/dipemur.es\\\/sobre-nosotros\\\/#primaryimage\"},\"image\":{\"@id\":\"https:\\\/\\\/dipemur.es\\\/sobre-nosotros\\\/#primaryimage\"},\"thumbnailUrl\":\"https:\\\/\\\/dipemur.es\\\/wp-content\\\/uploads\\\/2026\\\/03\\\/Captura-desde-2026-03-16-12-04-15-1024x752.png\",\"datePublished\":\"2026-03-16T09:42:33+00:00\",\"dateModified\":\"2026-03-16T13:20:01+00:00\",\"breadcrumb\":{\"@id\":\"https:\\\/\\\/dipemur.es\\\/sobre-nosotros\\\/#breadcrumb\"},\"inLanguage\":\"en-GB\",\"potentialAction\":[{\"@type\":\"ReadAction\",\"target\":[\"https:\\\/\\\/dipemur.es\\\/sobre-nosotros\\\/\"]}]},{\"@type\":\"ImageObject\",\"inLanguage\":\"en-GB\",\"@id\":\"https:\\\/\\\/dipemur.es\\\/sobre-nosotros\\\/#primaryimage\",\"url\":\"https:\\\/\\\/dipemur.es\\\/wp-content\\\/uploads\\\/2026\\\/03\\\/Captura-desde-2026-03-16-12-04-15-1024x752.png\",\"contentUrl\":\"https:\\\/\\\/dipemur.es\\\/wp-content\\\/uploads\\\/2026\\\/03\\\/Captura-desde-2026-03-16-12-04-15-1024x752.png\"},{\"@type\":\"BreadcrumbList\",\"@id\":\"https:\\\/\\\/dipemur.es\\\/sobre-nosotros\\\/#breadcrumb\",\"itemListElement\":[{\"@type\":\"ListItem\",\"position\":1,\"name\":\"Portada\",\"item\":\"https:\\\/\\\/dipemur.es\\\/\"},{\"@type\":\"ListItem\",\"position\":2,\"name\":\"Sobre Nosotros\"}]},{\"@type\":\"WebSite\",\"@id\":\"https:\\\/\\\/dipemur.es\\\/#website\",\"url\":\"https:\\\/\\\/dipemur.es\\\/\",\"name\":\"Dipemur\",\"description\":\"Somos una empresa de reformas integrales que ofrece soluciones completas para todo tipo de espacios. Nuestro objetivo es ofrecer un servicio profesional, cercano y de confianza, cumpliendo plazos, presupuestos y garantizando acabados de calidad.\",\"publisher\":{\"@id\":\"https:\\\/\\\/dipemur.es\\\/#organization\"},\"potentialAction\":[{\"@type\":\"SearchAction\",\"target\":{\"@type\":\"EntryPoint\",\"urlTemplate\":\"https:\\\/\\\/dipemur.es\\\/?s={search_term_string}\"},\"query-input\":{\"@type\":\"PropertyValueSpecification\",\"valueRequired\":true,\"valueName\":\"search_term_string\"}}],\"inLanguage\":\"en-GB\"},{\"@type\":\"Organization\",\"@id\":\"https:\\\/\\\/dipemur.es\\\/#organization\",\"name\":\"Dipemur\",\"url\":\"https:\\\/\\\/dipemur.es\\\/\",\"logo\":{\"@type\":\"ImageObject\",\"inLanguage\":\"en-GB\",\"@id\":\"https:\\\/\\\/dipemur.es\\\/#\\\/schema\\\/logo\\\/image\\\/\",\"url\":\"https:\\\/\\\/dipemur.es\\\/wp-content\\\/uploads\\\/2026\\\/03\\\/cropped-diegopedrohernandez202601_logo_web-scaled-1.png\",\"contentUrl\":\"https:\\\/\\\/dipemur.es\\\/wp-content\\\/uploads\\\/2026\\\/03\\\/cropped-diegopedrohernandez202601_logo_web-scaled-1.png\",\"width\":2558,\"height\":704,\"caption\":\"Dipemur\"},\"image\":{\"@id\":\"https:\\\/\\\/dipemur.es\\\/#\\\/schema\\\/logo\\\/image\\\/\"}}]}<\/script>\n<!-- \/ Yoast SEO plugin. -->","yoast_head_json":{"title":"Sobre Nosotros - Dipemur","robots":{"index":"index","follow":"follow","max-snippet":"max-snippet:-1","max-image-preview":"max-image-preview:large","max-video-preview":"max-video-preview:-1"},"canonical":"https:\/\/dipemur.es\/en\/sobre-nosotros\/","og_locale":"en_GB","og_type":"article","og_title":"Sobre Nosotros - Dipemur","og_description":"Nuestra Historia Nuestra empresa es una empresa familiar con m\u00e1s de 30 a\u00f1os de experiencia en el sector de la construcci\u00f3n y las reformas. Nacimos con la idea de ofrecer un servicio serio, cercano y de calidad, basado en el trabajo bien hecho y en la confianza con cada cliente. Desde nuestros inicios, hemos participado [&hellip;]","og_url":"https:\/\/dipemur.es\/en\/sobre-nosotros\/","og_site_name":"Dipemur","article_modified_time":"2026-03-16T13:20:01+00:00","og_image":[{"url":"https:\/\/dipemur.es\/wp-content\/uploads\/2026\/03\/Captura-desde-2026-03-16-12-04-15-1024x752.png","type":"","width":"","height":""}],"twitter_card":"summary_large_image","twitter_misc":{"Estimated reading time":"1 minute"},"schema":{"@context":"https:\/\/schema.org","@graph":[{"@type":"WebPage","@id":"https:\/\/dipemur.es\/sobre-nosotros\/","url":"https:\/\/dipemur.es\/sobre-nosotros\/","name":"Sobre Nosotros - Dipemur","isPartOf":{"@id":"https:\/\/dipemur.es\/#website"},"primaryImageOfPage":{"@id":"https:\/\/dipemur.es\/sobre-nosotros\/#primaryimage"},"image":{"@id":"https:\/\/dipemur.es\/sobre-nosotros\/#primaryimage"},"thumbnailUrl":"https:\/\/dipemur.es\/wp-content\/uploads\/2026\/03\/Captura-desde-2026-03-16-12-04-15-1024x752.png","datePublished":"2026-03-16T09:42:33+00:00","dateModified":"2026-03-16T13:20:01+00:00","breadcrumb":{"@id":"https:\/\/dipemur.es\/sobre-nosotros\/#breadcrumb"},"inLanguage":"en-GB","potentialAction":[{"@type":"ReadAction","target":["https:\/\/dipemur.es\/sobre-nosotros\/"]}]},{"@type":"ImageObject","inLanguage":"en-GB","@id":"https:\/\/dipemur.es\/sobre-nosotros\/#primaryimage","url":"https:\/\/dipemur.es\/wp-content\/uploads\/2026\/03\/Captura-desde-2026-03-16-12-04-15-1024x752.png","contentUrl":"https:\/\/dipemur.es\/wp-content\/uploads\/2026\/03\/Captura-desde-2026-03-16-12-04-15-1024x752.png"},{"@type":"BreadcrumbList","@id":"https:\/\/dipemur.es\/sobre-nosotros\/#breadcrumb","itemListElement":[{"@type":"ListItem","position":1,"name":"Portada","item":"https:\/\/dipemur.es\/"},{"@type":"ListItem","position":2,"name":"Sobre Nosotros"}]},{"@type":"WebSite","@id":"https:\/\/dipemur.es\/#website","url":"https:\/\/dipemur.es\/","name":"Dipemur","description":"Somos una empresa de reformas integrales que ofrece soluciones completas para todo tipo de espacios. Nuestro objetivo es ofrecer un servicio profesional, cercano y de confianza, cumpliendo plazos, presupuestos y garantizando acabados de calidad.","publisher":{"@id":"https:\/\/dipemur.es\/#organization"},"potentialAction":[{"@type":"SearchAction","target":{"@type":"EntryPoint","urlTemplate":"https:\/\/dipemur.es\/?s={search_term_string}"},"query-input":{"@type":"PropertyValueSpecification","valueRequired":true,"valueName":"search_term_string"}}],"inLanguage":"en-GB"},{"@type":"Organization","@id":"https:\/\/dipemur.es\/#organization","name":"Dipemur","url":"https:\/\/dipemur.es\/","logo":{"@type":"ImageObject","inLanguage":"en-GB","@id":"https:\/\/dipemur.es\/#\/schema\/logo\/image\/","url":"https:\/\/dipemur.es\/wp-content\/uploads\/2026\/03\/cropped-diegopedrohernandez202601_logo_web-scaled-1.png","contentUrl":"https:\/\/dipemur.es\/wp-content\/uploads\/2026\/03\/cropped-diegopedrohernandez202601_logo_web-scaled-1.png","width":2558,"height":704,"caption":"Dipemur"},"image":{"@id":"https:\/\/dipemur.es\/#\/schema\/logo\/image\/"}}]}},"_links":{"self":[{"href":"https:\/\/dipemur.es\/en\/wp-json\/wp\/v2\/pages\/22","targetHints":{"allow":["GET"]}}],"collection":[{"href":"https:\/\/dipemur.es\/en\/wp-json\/wp\/v2\/pages"}],"about":[{"href":"https:\/\/dipemur.es\/en\/wp-json\/wp\/v2\/types\/page"}],"author":[{"embeddable":true,"href":"https:\/\/dipemur.es\/en\/wp-json\/wp\/v2\/users\/1"}],"replies":[{"embeddable":true,"href":"https:\/\/dipemur.es\/en\/wp-json\/wp\/v2\/comments?post=22"}],"version-history":[{"count":46,"href":"https:\/\/dipemur.es\/en\/wp-json\/wp\/v2\/pages\/22\/revisions"}],"predecessor-version":[{"id":603,"href":"https:\/\/dipemur.es\/en\/wp-json\/wp\/v2\/pages\/22\/revisions\/603"}],"wp:attachment":[{"href":"https:\/\/dipemur.es\/en\/wp-json\/wp\/v2\/media?parent=22"}],"curies":[{"name":"wp","href":"https:\/\/api.w.org\/{rel}","templated":true}]}}